{"id":893,"date":"2021-02-19T16:19:01","date_gmt":"2021-02-19T16:19:01","guid":{"rendered":"https:\/\/nuriacaranana.com\/?page_id=893"},"modified":"2026-04-08T12:30:43","modified_gmt":"2026-04-08T12:30:43","slug":"acerca-de-mi","status":"publish","type":"page","link":"https:\/\/nuriacaranana.com\/?page_id=893","title":{"rendered":"ACERCA DE MI"},"content":{"rendered":"<div data-colibri-id=\"893-c1\" class=\"style-549 style-local-893-c1 position-relative\">\r\n  <!---->\r\n  <div data-colibri-component=\"section\" data-colibri-id=\"893-c2\" id=\"about\" class=\"h-section h-section-global-spacing d-flex align-items-lg-center align-items-md-center align-items-center style-662 style-local-893-c2 position-relative\">\r\n    <!---->\r\n    <div class=\"h-separator\" style=\"height: 100px; top: calc(0px);\">\r\n      <svg style=\"fill:rgba(229, 220, 255, 0.49);transform:rotateX(180deg);\" xmlns=\"http:\/\/www.w3.org\/2000\/svg\" viewBox=\"0 0 1000 100\" preserveAspectRatio=\"none\">\r\n        <path class=\"svg-white-bg\" d=\"M737.9,94.7L0,0v100h1000V0L737.9,94.7z\"><\/path>\r\n      <\/svg>\r\n    <\/div>\r\n    <div class=\"h-separator\" style=\"height: 100px; bottom: calc(0px);\">\r\n      <svg style=\"fill:rgba(229, 220, 255, 0.72);\" xmlns=\"http:\/\/www.w3.org\/2000\/svg\" viewBox=\"0 0 1000 100\" preserveAspectRatio=\"none\">\r\n        <path class=\"svg-white-bg\" d=\"M737.9,94.7L0,0v100h1000V0L737.9,94.7z\"><\/path>\r\n      <\/svg>\r\n    <\/div>\r\n    <div class=\"h-section-grid-container h-section-boxed-container\">\r\n      <!---->\r\n      <div data-colibri-id=\"893-c3\" class=\"h-row-container gutters-row-lg-2 gutters-row-md-2 gutters-row-0 gutters-row-v-lg-2 gutters-row-v-md-2 gutters-row-v-2 style-1140 style-local-893-c3 position-relative\">\r\n        <!---->\r\n        <div class=\"h-row justify-content-lg-center justify-content-md-center justify-content-center align-items-lg-stretch align-items-md-stretch align-items-stretch gutters-col-lg-2 gutters-col-md-2 gutters-col-0 gutters-col-v-lg-2 gutters-col-v-md-2 gutters-col-v-2\">\r\n          <!---->\r\n          <div class=\"h-column h-column-container d-flex h-col-lg-auto h-col-md-auto h-col-auto style-1141-outer style-local-893-c4-outer\">\r\n            <div data-colibri-id=\"893-c4\" class=\"d-flex h-flex-basis h-column__inner h-px-lg-2 h-px-md-2 h-px-2 v-inner-lg-2 v-inner-md-2 v-inner-2 style-1141 style-local-893-c4 position-relative\">\r\n              <!---->\r\n              <!---->\r\n              <div class=\"w-100 h-y-container h-column__content h-column__v-align flex-basis-100 align-self-lg-start align-self-md-start align-self-start\">\r\n                <!---->\r\n                <div data-colibri-id=\"893-c5\" class=\"style-1142 style-local-893-c5 position-relative h-element\">\r\n                  <!---->\r\n                <\/div>\r\n              <\/div>\r\n            <\/div>\r\n          <\/div>\r\n        <\/div>\r\n      <\/div>\r\n      <div data-colibri-id=\"893-c6\" class=\"h-row-container gutters-row-lg-2 gutters-row-md-2 gutters-row-0 gutters-row-v-lg-2 gutters-row-v-md-2 gutters-row-v-2 style-677 style-local-893-c6 position-relative\">\r\n        <!---->\r\n        <div class=\"h-row justify-content-lg-center justify-content-md-center justify-content-center align-items-lg-stretch align-items-md-stretch align-items-stretch gutters-col-lg-2 gutters-col-md-2 gutters-col-0 gutters-col-v-lg-2 gutters-col-v-md-2 gutters-col-v-2\">\r\n          <!---->\r\n          <div class=\"h-column h-column-container d-flex h-col-lg-auto h-col-md-auto h-col-auto style-678-outer style-local-893-c7-outer\">\r\n            <div data-colibri-id=\"893-c7\" class=\"d-flex h-flex-basis h-column__inner h-px-lg-2 h-px-md-2 h-px-2 v-inner-lg-2 v-inner-md-2 v-inner-2 style-678 style-local-893-c7 position-relative\">\r\n              <!---->\r\n              <!---->\r\n              <div class=\"w-100 h-y-container h-column__content h-column__v-align flex-basis-100 align-self-lg-start align-self-md-start align-self-start\">\r\n                <!---->\r\n                <div data-colibri-id=\"893-c8\" class=\"h-text h-text-component style-679 style-local-893-c8 position-relative h-element\">\r\n                  <!---->\r\n                  <!---->\r\n                  <div class=\"\">\r\n                    <p>ACERCA DE MI FORMACI\u00d3N Y EXPERIENCIA LABORAL&nbsp;<\/p>\r\n                  <\/div>\r\n                <\/div>\r\n              <\/div>\r\n            <\/div>\r\n          <\/div>\r\n        <\/div>\r\n      <\/div>\r\n      <div data-colibri-id=\"893-c9\" class=\"h-row-container gutters-row-lg-2 gutters-row-md-2 gutters-row-2 gutters-row-v-lg-2 gutters-row-v-md-2 gutters-row-v-2 style-663 style-local-893-c9 position-relative\">\r\n        <!---->\r\n        <div class=\"h-row justify-content-lg-center justify-content-md-center justify-content-center align-items-lg-stretch align-items-md-stretch align-items-stretch gutters-col-lg-2 gutters-col-md-2 gutters-col-2 gutters-col-v-lg-2 gutters-col-v-md-2 gutters-col-v-2\">\r\n          <!---->\r\n          <div class=\"h-column h-column-container d-flex h-col-lg-auto h-col-md-auto h-col-auto style-664-outer style-local-893-c10-outer\">\r\n            <div data-colibri-id=\"893-c10\" class=\"d-flex h-flex-basis h-column__inner h-px-lg-2 h-px-md-2 h-px-2 v-inner-lg-2 v-inner-md-2 v-inner-2 style-664 style-local-893-c10 position-relative\">\r\n              <!---->\r\n              <!---->\r\n              <div class=\"w-100 h-y-container h-column__content h-column__v-align flex-basis-100 align-self-lg-center align-self-md-center align-self-center\">\r\n                <!---->\r\n                <div data-colibri-id=\"893-c11\" class=\"d-block style-675 style-local-893-c11 position-relative h-element\">\r\n                  <!---->\r\n                  <div class=\"h-image__frame-container-outer\">\r\n                    <div class=\"h-image__frame-container\">\r\n                      <!---->\r\n                      <!---->\r\n                      <img loading=\"lazy\" decoding=\"async\" width=\"1131\" height=\"1148\" src=\"https:\/\/nuriacaranana.com\/wp-content\/uploads\/2021\/02\/cropped-WhatsApp-Image-2021-02-18-at-16.44.39-2-4.jpeg\" class=\"wp-image-2662 style-675-image style-local-893-c11-image\" alt=\"\" srcset=\"https:\/\/nuriacaranana.com\/wp-content\/uploads\/2021\/02\/cropped-WhatsApp-Image-2021-02-18-at-16.44.39-2-4.jpeg 1131w, https:\/\/nuriacaranana.com\/wp-content\/uploads\/2021\/02\/cropped-WhatsApp-Image-2021-02-18-at-16.44.39-2-4-296x300.jpeg 296w, https:\/\/nuriacaranana.com\/wp-content\/uploads\/2021\/02\/cropped-WhatsApp-Image-2021-02-18-at-16.44.39-2-4-1009x1024.jpeg 1009w, https:\/\/nuriacaranana.com\/wp-content\/uploads\/2021\/02\/cropped-WhatsApp-Image-2021-02-18-at-16.44.39-2-4-768x780.jpeg 768w\" sizes=\"auto, (max-width: 1131px) 100vw, 1131px\" \/>\r\n                      <div class=\"h-image__frame h-hide-lg h-hide-md h-hide-sm style-675-frameImage style-local-893-c11-frameImage\"><\/div>\r\n                    <\/div>\r\n                  <\/div>\r\n                <\/div>\r\n              <\/div>\r\n            <\/div>\r\n          <\/div>\r\n          <div class=\"h-column h-column-container d-flex h-col-lg-auto h-col-md-auto h-col-auto style-674-outer style-local-893-c12-outer\">\r\n            <div data-colibri-id=\"893-c12\" class=\"d-flex h-flex-basis h-column__inner h-px-lg-0 h-px-md-0 h-px-0 v-inner-lg-0 v-inner-md-0 v-inner-0 style-674 style-local-893-c12 position-relative\">\r\n              <!---->\r\n              <!---->\r\n              <div class=\"w-100 h-y-container h-column__content h-column__v-align flex-basis-100 align-self-lg-center align-self-md-center align-self-center\">\r\n                <!---->\r\n                <div data-colibri-id=\"893-c13\" class=\"h-text h-text-component style-676 style-local-893-c13 position-relative h-element\">\r\n                  <!---->\r\n                  <!---->\r\n                  <div class=\"\">\r\n                    <p>Soy psic\u00f3loga sanitaria, graduada en Psicolog\u00eda por la Universidad de Valencia y colegiada en la Comunidad Valenciana (CV-14116).<\/p>\r\n                    <p>Trabajo desde una orientaci\u00f3n psicoanal\u00edtica, con formaci\u00f3n espec\u00edfica tanto en infancia y adolescencia como en adultos. He realizado dos posgrados en psicoterapia en la Asociaci\u00f3n Aragonesa para la Investigaci\u00f3n Ps\u00edquica del Ni\u00f1o\r\n                      y el Adolescente, centrados en la psicopatolog\u00eda infantojuvenil y del adulto.<\/p>\r\n                    <p>A lo largo de los a\u00f1os he continuado form\u00e1ndome a trav\u00e9s de cursos y espacios cl\u00ednicos, especialmente vinculados al trabajo con ni\u00f1os y adolescentes. Actualmente sigo participando en seminarios y supervisiones con otros profesionales,\r\n                      donde podemos pensar los casos y sostener una pr\u00e1ctica cl\u00ednica rigurosa.<\/p>\r\n                    <p>M<span style=\"font-weight: 400; font-size: 16px; font-family: &quot;Open Sans&quot;; color: rgb(23, 37, 42);\">\u00e1s all\u00e1 de la formaci\u00f3n, entiendo la terapia como un espacio donde cada persona pueda construir algo propio, encontrando una manera m\u00e1s habitable de estar consigo misma y con los dem\u00e1s.<\/span><\/p>\r\n                    <p>\r\n                      <br>\r\n                    <\/p>\r\n                  <\/div>\r\n                <\/div>\r\n              <\/div>\r\n            <\/div>\r\n          <\/div>\r\n        <\/div>\r\n      <\/div>\r\n      <div data-colibri-id=\"893-c26\" class=\"h-row-container gutters-row-lg-2 gutters-row-md-2 gutters-row-0 gutters-row-v-lg-2 gutters-row-v-md-2 gutters-row-v-2 style-680 style-local-893-c26 position-relative\">\r\n        <!---->\r\n        <div class=\"h-row justify-content-lg-center justify-content-md-center justify-content-center align-items-lg-stretch align-items-md-stretch align-items-stretch gutters-col-lg-2 gutters-col-md-2 gutters-col-0 gutters-col-v-lg-2 gutters-col-v-md-2 gutters-col-v-2\">\r\n          <!---->\r\n          <div class=\"h-column h-column-container d-flex h-col-lg-auto h-col-md-auto h-col-auto style-681-outer style-local-893-c27-outer\">\r\n            <div data-colibri-id=\"893-c27\" class=\"d-flex h-flex-basis h-column__inner h-ui-empty-state-container h-px-lg-2 h-px-md-2 h-px-2 v-inner-lg-2 v-inner-md-2 v-inner-2 style-681 style-local-893-c27 position-relative\">\r\n              <!---->\r\n              <!---->\r\n              <div class=\"w-100 h-y-container h-column__content h-column__v-align flex-basis-100\">\r\n                <!---->\r\n              <\/div>\r\n            <\/div>\r\n          <\/div>\r\n        <\/div>\r\n      <\/div>\r\n    <\/div>\r\n  <\/div>\r\n<\/div>","protected":false},"excerpt":{"rendered":"<p>ACERCA DE MI FORMACI\u00d3N Y EXPERIENCIA LABORAL&nbsp; Soy psic\u00f3loga sanitaria, graduada en Psicolog\u00eda por la Universidad de Valencia y colegiada en la Comunidad Valenciana (CV-14116). Trabajo desde una orientaci\u00f3n psicoanal\u00edtica, con formaci\u00f3n espec\u00edfica tanto en infancia y adolescencia como en adultos. He realizado dos posgrados en psicoterapia en la Asociaci\u00f3n Aragonesa para la Investigaci\u00f3n Ps\u00edquica [&hellip;]<\/p>\n","protected":false},"author":1,"featured_media":0,"parent":0,"menu_order":0,"comment_status":"closed","ping_status":"closed","template":"page-templates\/full-width-page.php","meta":{"ngg_post_thumbnail":0,"footnotes":""},"class_list":["post-893","page","type-page","status-publish","hentry"],"_links":{"self":[{"href":"https:\/\/nuriacaranana.com\/index.php?rest_route=\/wp\/v2\/pages\/893","targetHints":{"allow":["GET"]}}],"collection":[{"href":"https:\/\/nuriacaranana.com\/index.php?rest_route=\/wp\/v2\/pages"}],"about":[{"href":"https:\/\/nuriacaranana.com\/index.php?rest_route=\/wp\/v2\/types\/page"}],"author":[{"embeddable":true,"href":"https:\/\/nuriacaranana.com\/index.php?rest_route=\/wp\/v2\/users\/1"}],"replies":[{"embeddable":true,"href":"https:\/\/nuriacaranana.com\/index.php?rest_route=%2Fwp%2Fv2%2Fcomments&post=893"}],"version-history":[{"count":20,"href":"https:\/\/nuriacaranana.com\/index.php?rest_route=\/wp\/v2\/pages\/893\/revisions"}],"predecessor-version":[{"id":2930,"href":"https:\/\/nuriacaranana.com\/index.php?rest_route=\/wp\/v2\/pages\/893\/revisions\/2930"}],"wp:attachment":[{"href":"https:\/\/nuriacaranana.com\/index.php?rest_route=%2Fwp%2Fv2%2Fmedia&parent=893"}],"curies":[{"name":"wp","href":"https:\/\/api.w.org\/{rel}","templated":true}]}}